{"id":2,"date":"2015-07-21T00:06:49","date_gmt":"2015-07-20T23:06:49","guid":{"rendered":"https:\/\/www.alchimiedesbougies.fr\/blog\/?page_id=2"},"modified":"2023-02-07T13:32:44","modified_gmt":"2023-02-07T12:32:44","slug":"alchimie-des-bougies-cire-abeille","status":"publish","type":"page","link":"https:\/\/www.alchimiedesbougies.fr\/blog\/alchimie-des-bougies-cire-abeille\/","title":{"rendered":"L&rsquo;Alchimie des Bougies en cire d&rsquo;abeille"},"content":{"rendered":"<h2>Qui sommes-nous?<\/h2>\n<p>Passionn\u00e9s par le monde des abeilles et les produits naturels issus de la nature, nous fabriquons depuis 2011 des bougies enti\u00e8rement naturelles en pure cire d&rsquo;abeille de fa\u00e7on artisanale dans notre atelier situ\u00e9 \u00e0 Rennes en Bretagne et les proposons \u00e0 la vente dans notre boutique en ligne <a href=\"https:\/\/www.alchimiedesbougies.fr\/\" target=\"_blank\" rel=\"noopener\">www.alchimiedesbougies.fr<\/a>.<\/p>\n<p><img decoding=\"async\" loading=\"lazy\" class=\"wp-image-63 size-full aligncenter\" title=\"alchimie des bougies\" src=\"https:\/\/www.alchimiedesbougies.fr\/blog\/wp-content\/uploads\/2015\/07\/logo-200x200.jpg\" alt=\"alchimie des bougies\" width=\"200\" height=\"200\" srcset=\"https:\/\/www.alchimiedesbougies.fr\/blog\/wp-content\/uploads\/2015\/07\/logo-200x200.jpg 200w, https:\/\/www.alchimiedesbougies.fr\/blog\/wp-content\/uploads\/2015\/07\/logo-200x200-150x150.jpg 150w\" sizes=\"(max-width: 200px) 85vw, 200px\" \/><\/p>\n<h2>Pourquoi choisir des bougies en cire d&rsquo;abeille ?<\/h2>\n<p><a href=\"https:\/\/www.alchimiedesbougies.fr\/bougies-cire-d-abeille-gaufrees\/\"><img decoding=\"async\" loading=\"lazy\" class=\"alignright wp-image-100 size-medium\" title=\"Bougie cire d'abeille\" src=\"https:\/\/www.alchimiedesbougies.fr\/blog\/wp-content\/uploads\/2015\/07\/Bougie-cire-abeille-300x300.jpg\" alt=\"Bougie cire abeille\" width=\"300\" height=\"300\" srcset=\"https:\/\/www.alchimiedesbougies.fr\/blog\/wp-content\/uploads\/2015\/07\/Bougie-cire-abeille-300x300.jpg 300w, https:\/\/www.alchimiedesbougies.fr\/blog\/wp-content\/uploads\/2015\/07\/Bougie-cire-abeille-150x150.jpg 150w, https:\/\/www.alchimiedesbougies.fr\/blog\/wp-content\/uploads\/2015\/07\/Bougie-cire-abeille.jpg 600w\" sizes=\"(max-width: 300px) 85vw, 300px\" \/><\/a><\/p>\n<p>La plupart des bougies que l&rsquo;on peut trouver dans le commerce sont fabriqu\u00e9es industriellement et sont \u00e0 base de paraffine (produit issu de l&rsquo;industrie p\u00e9troli\u00e8re, hautement toxique et polluant pour l&rsquo;homme et l&rsquo;environnement).<br \/>\nAcheter des bougies en cire d&rsquo;abeille est une merveilleuse alternative aux bougies chimiques. Elles favorisent une atmosph\u00e8re de d\u00e9tente, de bien-\u00eatre, et elles sont saines pour la sant\u00e9 et votre maison.<\/p>\n<p>Toutes les bougies que vous trouverez sur notre site ne sont compos\u00e9es que de pure cire d&rsquo;abeille naturelle. La m\u00e8che est 100% coton.<\/p>\n<p>Parmi les diff\u00e9rents mod\u00e8les de bougies en cire d&rsquo;abeille, toutes fabriqu\u00e9es avec amour et savoir-faire, vous trouverez les <a href=\"https:\/\/www.alchimiedesbougies.fr\/bougies-cire-d-abeille-gaufrees\/\">bougies en cire d&rsquo;abeille<\/a> gaufr\u00e9es, faites \u00e0 partir de feuilles de cire d&rsquo;abeille alv\u00e9ol\u00e9es, les <a href=\"https:\/\/www.alchimiedesbougies.fr\/bougies-cire-d-abeille-moulees\/\">bougies moul\u00e9es<\/a>, torsad\u00e9es, les traditionnelles et pratiques <a href=\"https:\/\/www.alchimiedesbougies.fr\/chauffe-plats-cire-d-abeille\/\">bougies chauffe-plats<\/a>, <a href=\"https:\/\/www.alchimiedesbougies.fr\/bougies-cire-d-abeille-chandelles\/\">chandelles<\/a> et des bougeoirs.<\/p>\n<p><img decoding=\"async\" loading=\"lazy\" class=\"size-medium wp-image-101 aligncenter\" src=\"https:\/\/www.alchimiedesbougies.fr\/blog\/wp-content\/uploads\/2015\/07\/bougie-cire-abeille-300x225.jpg\" alt=\"bougie cire d'abeille\" width=\"300\" height=\"225\" srcset=\"https:\/\/www.alchimiedesbougies.fr\/blog\/wp-content\/uploads\/2015\/07\/bougie-cire-abeille-300x225.jpg 300w, https:\/\/www.alchimiedesbougies.fr\/blog\/wp-content\/uploads\/2015\/07\/bougie-cire-abeille-768x576.jpg 768w, https:\/\/www.alchimiedesbougies.fr\/blog\/wp-content\/uploads\/2015\/07\/bougie-cire-abeille-1024x768.jpg 1024w, https:\/\/www.alchimiedesbougies.fr\/blog\/wp-content\/uploads\/2015\/07\/bougie-cire-abeille-1200x900.jpg 1200w\" sizes=\"(max-width: 300px) 85vw, 300px\" \/><\/p>\n<h2>Comment acheter nos bougies en cire d&rsquo;abeille ?<\/h2>\n<p>Nous proposons nos diff\u00e9rents mod\u00e8les de bougies \u00e0 la vente dans notre boutique en ligne <a href=\"https:\/\/www.alchimiedesbougies.fr\/content\/1-en-savoir-plus\" target=\"_blank\" rel=\"noopener\">L&rsquo;Alchimie des Bougies<\/a>.<br \/>\nNous livrons dans la France enti\u00e8re et \u00e0 l&rsquo;international.<\/p>\n<p><img decoding=\"async\" loading=\"lazy\" class=\"size-medium wp-image-102 aligncenter\" src=\"https:\/\/www.alchimiedesbougies.fr\/blog\/wp-content\/uploads\/2015\/07\/abeilles-coeur-300x300.jpg\" alt=\"abeilles coeur\" width=\"300\" height=\"300\" srcset=\"https:\/\/www.alchimiedesbougies.fr\/blog\/wp-content\/uploads\/2015\/07\/abeilles-coeur-300x300.jpg 300w, https:\/\/www.alchimiedesbougies.fr\/blog\/wp-content\/uploads\/2015\/07\/abeilles-coeur-150x150.jpg 150w, https:\/\/www.alchimiedesbougies.fr\/blog\/wp-content\/uploads\/2015\/07\/abeilles-coeur.jpg 517w\" sizes=\"(max-width: 300px) 85vw, 300px\" \/><\/p>\n<p>Eric &amp; Gabrielle<\/p>\n","protected":false},"excerpt":{"rendered":"<p>Qui sommes-nous? Passionn\u00e9s par le monde des abeilles et les produits naturels issus de la nature, nous fabriquons depuis 2011 des bougies enti\u00e8rement naturelles en pure cire d&rsquo;abeille de fa\u00e7on artisanale dans notre atelier situ\u00e9 \u00e0 Rennes en Bretagne et les proposons \u00e0 la vente dans notre boutique en ligne www.alchimiedesbougies.fr. Pourquoi choisir des bougies &hellip; <a href=\"https:\/\/www.alchimiedesbougies.fr\/blog\/alchimie-des-bougies-cire-abeille\/\" class=\"more-link\">Continuer la lecture<span class=\"screen-reader-text\"> de &laquo;&nbsp;L&rsquo;Alchimie des Bougies en cire d&rsquo;abeille&nbsp;&raquo;<\/span><\/a><\/p>\n","protected":false},"author":4,"featured_media":0,"parent":0,"menu_order":0,"comment_status":"closed","ping_status":"closed","template":"","meta":[],"_links":{"self":[{"href":"https:\/\/www.alchimiedesbougies.fr\/blog\/wp-json\/wp\/v2\/pages\/2"}],"collection":[{"href":"https:\/\/www.alchimiedesbougies.fr\/blog\/wp-json\/wp\/v2\/pages"}],"about":[{"href":"https:\/\/www.alchimiedesbougies.fr\/blog\/wp-json\/wp\/v2\/types\/page"}],"author":[{"embeddable":true,"href":"https:\/\/www.alchimiedesbougies.fr\/blog\/wp-json\/wp\/v2\/users\/4"}],"replies":[{"embeddable":true,"href":"https:\/\/www.alchimiedesbougies.fr\/blog\/wp-json\/wp\/v2\/comments?post=2"}],"version-history":[{"count":1,"href":"https:\/\/www.alchimiedesbougies.fr\/blog\/wp-json\/wp\/v2\/pages\/2\/revisions"}],"predecessor-version":[{"id":591,"href":"https:\/\/www.alchimiedesbougies.fr\/blog\/wp-json\/wp\/v2\/pages\/2\/revisions\/591"}],"wp:attachment":[{"href":"https:\/\/www.alchimiedesbougies.fr\/blog\/wp-json\/wp\/v2\/media?parent=2"}],"curies":[{"name":"wp","href":"https:\/\/api.w.org\/{rel}","templated":true}]}}